{"id":31,"date":"2017-03-15T08:35:59","date_gmt":"2017-03-15T08:35:59","guid":{"rendered":"https:\/\/project.dreamo.ee\/oldmonk\/?page_id=31\/"},"modified":"2025-05-03T14:10:24","modified_gmt":"2025-05-03T14:10:24","slug":"edasimuujad","status":"publish","type":"page","link":"https:\/\/oldmonkrum.ee\/en\/edasimuujad\/","title":{"rendered":"DISTRIBUTORS"},"content":{"rendered":"<p>Old Monk Rum official importer and distributor in Estonia, Latvia and Lithuania is HOVI Trading Ltd.<\/p>\n<p>Old Monk Rum is available at larger chain grocery stores, specialized alcohol stores, in numerous smaller grocery stores, gas stations and is also represented in a number of Asian restaurants.<\/p>\n<p>We are open to various co-operation possibilities in the HoReCa sector and in the event marketing areas.<\/p>\n<p>&nbsp;<\/p>\n<h2><strong>Old Monk Rum distributor in Estonia is\u00a0<a href=\"http:\/\/www.goldberger.ee\" target=\"_blank\" rel=\"noopener noreferrer\">Goldberger O\u00dc<\/a>.<\/strong><\/h2>\n<p><a href=\"http:\/\/www.coop.ee\/kauplused\" target=\"_blank\" rel=\"noopener noreferrer\"><strong>Coop<\/strong><\/a>:\u00a0<strong>Maksimarkets over Estonia:<\/strong> Laagri, Lasnam\u00e4e, Rakvere, Paide, P\u00e4rnu, Viljandi, Kvartali, Tartu L\u00f5unakeskuse, Edeni, V\u00f5ru.\u00a0<strong>Konsums in Tallinn:<\/strong>\u00a0Mustakivi, Virbi, Akadeemia, Raudalu.\u00a0<strong>Konsums elsewhere Estonia:<\/strong>\u00a0Otep\u00e4\u00e4, Elva, Arbim\u00e4e, Haapsalu Kaubamaja, Uuem\u00f5isa, J\u00fcri, Miiduranna, Hiiu, J\u00f5geva Konsum, Mustvee, Pae, T\u00fcri, Koeru, Kadrina, Sillam\u00e4e, Narva, EDU Keskuse, R\u00e4pina, Kohila, Rapla, V\u00e4ndra, Sindi, Tiina, Sauga, Rae, Port Arturi, Ujula, Kivilinna, Lembitu, Valga (Siili), Vastseliina.<\/p>\n<p><a href=\"http:\/\/www.rimi.ee\/kauplused\" target=\"_blank\" rel=\"noopener noreferrer\"><strong>RIMI<\/strong><\/a>:\u00a0<strong>Hypermarkets over Estonia:<\/strong> Viimsi, Laagri, Lasnam\u00e4e Centrum, Haabersti, S\u00f5pruse, Magistrali, Mustam\u00e4e Keskuse, Norde Centrum, \u00dclemiste, Viljandi, Rakvere, Narva, Tartu Rebase, Tartu L\u00f5unakeskuse, P\u00e4rnu.<\/p>\n<p><strong><a href=\"http:\/\/www.aldarmarket.ee\/?go=kauplused\" target=\"_blank\" rel=\"noopener noreferrer\">Aldar Market<\/a>:\u00a0in Tallinn<\/strong><strong>:<\/strong> Mustam\u00e4e CityAlko, Magistrali CityAlko, Arsenali CityAlko,\u00a0 Sadama turg, N\u00f5mme SuperAlko, Magdaleena SuperAlko.<strong>\u00a0Elsewhere in Estonia:<\/strong>\u00a0Viimsi CityAlko, Viljandi SuperAlko,\u00a0 Haapsalu SuperAlko, V\u00f5ru CityAlko, P\u00e4rnu CityAlko, S\u00f5bra CityAlko, Mai SuperAlko, Krooni CityAlko, R\u00fc\u00fctli SuperAlko, Kivi\u00f5li SuperAlko, Vironia CityAlko, Kivi\u00f5li SuperAlko, Kuressaare SuperAlko, Aldar Market\u00a0 Simuna.<\/p>\n<p><strong><a href=\"http:\/\/www.comarket.ee\/kauplused\/\" target=\"_blank\" rel=\"noopener noreferrer\">Comarket<\/a>:\u00a0<\/strong><strong>In Tallinn:<\/strong> Solarise Keskus.\u00a0<strong>Elsewhere in Estonia:<\/strong> Viimsi Delice, Laagri, P\u00e4rnu Delice, Vana P\u00e4rnu, Raatuse.<\/p>\n<p><a href=\"http:\/\/www.kaubamaja.ee\" target=\"_blank\" rel=\"noopener noreferrer\"><strong>Kaubamaja<\/strong><\/a> Toidumaailm Tallinnas<\/p>\n<p><a href=\"https:\/\/www.stockmann.ee\" target=\"_blank\" rel=\"noopener noreferrer\"><strong>Stockmann<\/strong><\/a> Tallinnas<\/p>\n<p><strong>Regalia Kaubandus:\u00a0<\/strong><strong>In Tallinn:<\/strong> T\u00f5nism\u00e4e, L\u00e4\u00e4nemere, Tartu mnt, Pae tn, Mahtra, J\u00e4rveotsa.\u00a0<strong>Elsewhere in Estonia:\u00a0<\/strong>P\u00e4rnu, Maardu.<\/p>\n<p><strong><a href=\"http:\/\/www.kaupmees.ee\/products?query=old%20monk\" target=\"_blank\" rel=\"noopener noreferrer\">Kaupmees &amp; Ko:<\/a>\u00a0<\/strong>Kadaka, Kivilinna, Tartu.<\/p>\n<p><strong>Other smaller grocers\u00a0and gas stations over Estonia:\u00a0<\/strong>A.T.T. Saksa O\u00dc Kiratsi Pood, Alavere Pood O\u00dc, \u00a0Alkoret O\u00dc, Aly AS, Anneli J\u00fcrise FIE, ASV Toidukaubad O\u00dc\/V\u00e4\u00e4na pood, Amintor O\u00dc\/ Lootsi, Goldberger O\u00dc esinduskauplus, Atmanis Grupp O\u00dc, Dalibor O\u00dc, Emart Auto O\u00dc\/ Valkla pood, Erka Invest O\u00dc\/Alko100, Emart Auto O\u00dc, GT Kaubanduse O\u00dc Kamara tankla, Haakeri O\u00dc, Hakuna Matata O\u00dc R\u00fc\u00fctli, Imaz O\u00dc, Jussi Joogid O\u00dc, J\u00f5eval O\u00dc, Kangro &amp; Nagla O\u00dc, Karja Pagari\u00e4ri O\u00dc, Kasepere O\u00dc, Karjak\u00fcla Group O\u00dc, Keila T\u00dc R\u00f5\u00f5mu Kaubamaja, Keila T\u00dc Saue Kaubanduskeskus, Keila T\u00dc P\u00e4\u00e4sk\u00fcla Kauplus, Keila T\u00dc Kallaste kpl, KimmerEst O\u00dc, Kiosk O\u00dc\/ V\u00e4\u00e4na-Viti tankla kauplus, Kreidi O\u00dc, Kudina Tankla O\u00dc, Kuuse Pood O\u00dc, Laitamm &amp; Ko O\u00dc, Laura Kauplus O\u00dc\/Ravila,\u00a0 Lepsoni \u00c4ri O\u00dc, Lihapood O\u00dc, Limbo J.P. O\u00dc\/K\u00fclapood, Maxsaar O\u00dc, Mermax Kaubandus O\u00dc, Monopol O\u00dc, M\u00e4gi Trading O\u00dc\/Uduvere Kauplus, M\u00e4rjamaa T\u00dc Haiba, M &amp; T ECC O\u00dc, Nzn O\u00dc, Paju Poed O\u00dc, P.T. Express O\u00dc, Rajevski O\u00dc Petseri Kauplus, Rulia Kaupluse O\u00dc, Sandrake O\u00dc\/ Veskitammi,\u00a0 Rocco O\u00dc, Sinilind T\u00fch, Skorpioni Kaubanduse O\u00dc, Stoik KBM O\u00dc Ladu, Talukivi \u00c4ri O\u00dc, Toila Sanatoorium AS, Toomatare O\u00dc, VAH O\u00dc, \u00a0Vensari O\u00dc, Viljandi Render O\u00dc\/K\u00f6sti Lihapood\/Jaani Lihapood.<\/p>\n<p><strong>HOREKA:\u00a0<\/strong>Baar Levist V\u00e4ljas, Olevim\u00e4gi 12, Tallinn;\u00a0<a href=\"http:\/\/www.erinevatetubadeklubi.ee\" target=\"_blank\" rel=\"noopener noreferrer\">Erinevate tubade klubi<\/a>, Tallinn, Tartu;\u00a0<a href=\"http:\/\/www.jarveresto.ee\" target=\"_blank\" rel=\"noopener noreferrer\">J\u00e4rve Resto ja Grill<\/a>, Tallinn;\u00a0Kultuuriklubi Kelm, Vene 33, Tallinn;\u00a0Piidivabrik, Sadama 11, Orissaare;\u00a0<a href=\"http:\/\/www.chakra.ee\" target=\"_blank\" rel=\"noopener noreferrer\">Restoran Chakra<\/a>, Tallinn;\u00a0<a href=\"http:\/\/www.elevant.ee\" target=\"_blank\" rel=\"noopener noreferrer\">Restoran Elevant<\/a>, Tallinn;\u00a0<a href=\"http:\/\/www.gingercafe.ee\" target=\"_blank\" rel=\"noopener noreferrer\">Restoran Ginger<\/a>, Tallinn;\u00a0<a href=\"http:\/\/www.ingver.ee\" target=\"_blank\" rel=\"noopener noreferrer\">Restoran Ingver<\/a>, Tallinn;\u00a0<a href=\"http:\/\/www.villathai.ee\" target=\"_blank\" rel=\"noopener noreferrer\">Restoran Villa Thai<\/a>, Tallinn;\u00a0Restoran India Gate, Pikk 31, Tallinn, Viimsi;\u00a0<a href=\"http:\/\/www.veinjavine.ee\" target=\"_blank\" rel=\"noopener noreferrer\">Vein ja Vine<\/a>, Tartu;\u00a0<a href=\"http:\/\/www.vesipiibukohvik.ee\" target=\"_blank\" rel=\"noopener noreferrer\">Vesipiibukohvik<\/a>, Tallinn;\u00a0Ungrumaja, Suuresadama k\u00fcla, P\u00fchalepa Vald, Hiiumaa;\u00a0\u00dcksk\u00f5ik Baar, Pikk 35, Tallinn;\u00a0Zasarec kokteilibaar, V\u00e4ike-Karja 8, Tallinn;\u00a0Kentmanni pubi, P\u00e4rnu maantee 154, Tallinn.<\/p>\n<p>&nbsp;<\/p>\n<h2><strong>Old Monk Rum distributor in Latvia is\u00a0<a href=\"https:\/\/berlattrading.lv\/\" target=\"_blank\" rel=\"noopener noreferrer\">SIA Berlat Trading<\/a>.<\/strong><\/h2>\n<p><a href=\"http:\/\/www.food-beverages.lv\" target=\"_blank\" rel=\"noopener noreferrer\"><strong>DZ\u0112RIENI BEZ UZCENOJUMA:<\/strong><\/a> Balt\u0101sbazn\u012bcas &#8211; R\u012bga, Balt\u0101sbazn\u012bcas iela 42, Kurzemes pr.59 &#8211; R\u012bga, Kurzemes prospekts 59a, Noliktava &#8211; R\u012bga, Maskavas iela 322D, Gai\u013cezera 8 &#8211; R\u012bga, Gai\u013cezera iela 8, Vien\u012bbas gatve &#8211;\u00a0 R\u012bga, Vien\u012bbas gatve 109, Jelgava &#8211; Jelgava, Rai\u0146a iela 14, Tukums &#8211; Tukuma nov., Tukums, Pasta iela 11, Valka &#8211; Valkas nov., Valka, Ausek\u013ca iela 54.<\/p>\n<p><a href=\"http:\/\/www.maxima.lv\" target=\"_blank\" rel=\"noopener noreferrer\"><strong>MAXIMA:<\/strong><\/a> R\u012bga K\u0101r\u013ca &#8211; Ulma\u0146a 88a, R\u012bga Deglava 67, R\u012bga Slokas 120.<\/p>\n<p><a href=\"https:\/\/www.superalko.lv\" target=\"_blank\" rel=\"noopener noreferrer\"><strong>SUPERALKO:<\/strong><\/a> Aina\u017ei &#8211; Salacgr\u012bvas nov., Aina\u017ei, D\u0101rza iela 1, \u00a0Valka &#8211; Valkas nov., Valka, Rai\u0146a iela 3B.<\/p>\n<p><a href=\"http:\/\/www.alko1000.ee\/\" target=\"_blank\" rel=\"noopener noreferrer\"><strong>ALKO 1000<\/strong><\/a>: Aina\u017ei &#8211; Salacgr\u012bvas nov., ina\u017eu pag., &#8220;Aina\u017eu RKP&#8221;, Valka &#8211; Valkas nov., Valka, R\u016bjienas iela 31, Ape &#8211; Apes nov., Ape, Stacijas iela 6, Grenct\u0101le &#8211; Bauskas nov., Brunavas pag., Grenct\u0101les robe\u017ekontroles.<\/p>\n<p><a href=\"http:\/\/www.alkoshop.ee\" target=\"_blank\" rel=\"noopener noreferrer\"><strong>ALKO SHOP:<\/strong><\/a> Valka &#8211; Valkas nov., Valka, Rai\u0146a iela 7, pagrabst\u0101vs.<\/p>\n<p><a href=\"http:\/\/www.spiritsandwine.lv\/\" target=\"_blank\" rel=\"noopener noreferrer\"><strong>RIGA SPIRITS\u00a0 &amp; WINE OUTLET:<\/strong><\/a> R\u012bga &#8211; Jaunmoku iela 13, R\u012bga &#8211; Andrejostas iela 4, \u0136ekavas nov., \u0136ekavas pag., Krustkalni, &#8220;D\u017eutas&#8221;.<\/p>\n<p><strong>WINESTOCK:<\/strong>\u00a0 Anni\u0146mui\u017eas &#8211; R\u012bga, Anni\u0146mui\u017eas bulv\u0101ris 90, Jelgava &#8211; Jelgava, R\u012bgas iela 57, \u0136engaraga 1 &#8211; \u00a0R\u012bga, \u0136engaraga iela 1, \u010ciekurkalna &#8211;\u00a0 R\u012bga, \u010ciekurkalna 1.l\u012bnija 50, N\u012bcgales &#8211; R\u012bga, N\u012bcgales iela 53, Valde\u0137u &#8211; R\u012bga, Valde\u0137u iela 62a.<\/p>\n<p><a href=\"http:\/\/www.cenuklubs.lv\/\" target=\"_blank\" rel=\"noopener noreferrer\"><strong>CENUKLUBS.LV:<\/strong><\/a> CENUKLUBS.LV SIA &#8211; R\u012bga, R\u0113zeknes iela 3, Br\u012bv\u012bbas 372 &#8211; R\u012bga, Br\u012bv\u012bbas gatve 372, Jaunmoku &#8211; R\u012bga, Jaunmoku iela 13, Talsi &#8211; Talsu nov., Talsi, Rigas iela 8, Vien\u012bbas 113 &#8211; R\u012bga, Vien\u012bbas gatve 113, Vien\u012bbas 113 &#8211; R\u012bga, Vien\u012bbas gatve 113.<\/p>\n<p><strong>Other businessess over Latvia: <\/strong>KOSMOS Cietok\u0161\u0146a 60 &#8211; Daugavpils, Cietok\u0161\u0146a iela 60, KOSMOS Cietok\u0161\u0146a 70 &#8211; Daugavpils, Cietok\u0161\u0146a iela 70, DEVONA R\u0113zekne &#8211; R\u0113zekne, Izra\u0113las iela 3, KAGALS SIA &#8211; Madonas nov., Madona, Saules iela 4A, DOBELES PB SIA &#8211; Dobeles nov., Dobele, Krasta iela 7, veikals 4, DOBELES PB SIA &#8211;\u00a0 Dobeles nov., Auru pag., &#8220;Magones&#8221;, veikals 7, T\u0112RVETES P\u016aPOLI SIA &#8211; T\u0113rvetes nov., T\u0113rvetes pag., &#8220;P\u016bpoli 10&#8243;, INDRA 7 SIA Piekrastes &#8211; J\u016brmala, Piekrastes iela 31, ZIEDLEJAS-I SIA &#8211; Durbes nov., Durbe, Rai\u0146a iela 67, B.K.J. SIA \/ BALTSTOR &#8211; Priekules nov., Priekule, Tirgo\u0146u iela 5, ASTARTE-NAFTA T\u0113rvete &#8211; T\u0113rvetes nov., T\u0113rvetes pag.,&#8221;Run\u010di&#8221;, DUS veikals, VOSAL UN KO SIA \/ AIBE &#8211; Jelgavas nov., Elejas pag., Eleja, Lietuvas iela 63, TETRA ERS IU &#8211; Jelgava, Uzvaras iela 17, b\u0101rs.<\/p>\n<p>&nbsp;<\/p>\n<h2><strong>Old Monk Rum is available at <a href=\"http:\/\/www.vynoteka.lt\" target=\"_blank\" rel=\"noopener noreferrer\">Vynoteka<\/a>\u00a0chain store, 49 stores all over the Lithuania.\u00a0<\/strong><\/h2>\n<p>&nbsp;<\/p>\n","protected":false},"excerpt":{"rendered":"<p>Old Monk Rum official importer and distributor in Estonia, Latvia and Lithuania is HOVI Trading Ltd. Old Monk Rum is available at larger chain grocery stores, specialized alcohol stores, in numerous smaller grocery stores, gas stations and is also represented in a number of Asian restaurants. We are open to various co-operation possibilities in the [&hellip;]<\/p>\n","protected":false},"author":2,"featured_media":0,"parent":0,"menu_order":5,"comment_status":"closed","ping_status":"closed","template":"","meta":{"_acf_changed":false,"footnotes":""},"class_list":["post-31","page","type-page","status-publish","hentry"],"acf":[],"_links":{"self":[{"href":"https:\/\/oldmonkrum.ee\/en\/wp-json\/wp\/v2\/pages\/31","targetHints":{"allow":["GET"]}}],"collection":[{"href":"https:\/\/oldmonkrum.ee\/en\/wp-json\/wp\/v2\/pages"}],"about":[{"href":"https:\/\/oldmonkrum.ee\/en\/wp-json\/wp\/v2\/types\/page"}],"author":[{"embeddable":true,"href":"https:\/\/oldmonkrum.ee\/en\/wp-json\/wp\/v2\/users\/2"}],"replies":[{"embeddable":true,"href":"https:\/\/oldmonkrum.ee\/en\/wp-json\/wp\/v2\/comments?post=31"}],"version-history":[{"count":5,"href":"https:\/\/oldmonkrum.ee\/en\/wp-json\/wp\/v2\/pages\/31\/revisions"}],"predecessor-version":[{"id":8328,"href":"https:\/\/oldmonkrum.ee\/en\/wp-json\/wp\/v2\/pages\/31\/revisions\/8328"}],"wp:attachment":[{"href":"https:\/\/oldmonkrum.ee\/en\/wp-json\/wp\/v2\/media?parent=31"}],"curies":[{"name":"wp","href":"https:\/\/api.w.org\/{rel}","templated":true}]}}